{"id":25,"date":"2024-12-26T13:38:51","date_gmt":"2024-12-26T16:38:51","guid":{"rendered":"https:\/\/adessare.com\/site\/?page_id=25"},"modified":"2025-01-02T00:54:15","modified_gmt":"2025-01-02T03:54:15","slug":"quem-somos","status":"publish","type":"page","link":"https:\/\/adessare.com\/site\/quem-somos\/","title":{"rendered":"Quem somos"},"content":{"rendered":"\n<h1 class=\"wp-block-heading\">Quem somos<\/h1>\n\n\n<div class=\"wp-block-image\">\n<figure class=\"aligncenter is-resized\"><img loading=\"lazy\" decoding=\"async\" width=\"2251\" height=\"2250\" sizes=\"auto, (max-width: 706px) 89vw, (max-width: 767px) 82vw, 740px\" src=\"https:\/\/adessare.com\/site\/wp-content\/uploads\/2024\/12\/Adessare-marca.png\" alt=\"\" class=\"wp-image-29\" style=\"width:84px;height:auto\" srcset=\"https:\/\/adessare.com\/site\/wp-content\/uploads\/2024\/12\/Adessare-marca.png 2251w, https:\/\/adessare.com\/site\/wp-content\/uploads\/2024\/12\/Adessare-marca-300x300.png 300w, https:\/\/adessare.com\/site\/wp-content\/uploads\/2024\/12\/Adessare-marca-1024x1024.png 1024w, https:\/\/adessare.com\/site\/wp-content\/uploads\/2024\/12\/Adessare-marca-150x150.png 150w, https:\/\/adessare.com\/site\/wp-content\/uploads\/2024\/12\/Adessare-marca-768x768.png 768w, https:\/\/adessare.com\/site\/wp-content\/uploads\/2024\/12\/Adessare-marca-1536x1536.png 1536w, https:\/\/adessare.com\/site\/wp-content\/uploads\/2024\/12\/Adessare-marca-2048x2048.png 2048w, https:\/\/adessare.com\/site\/wp-content\/uploads\/2024\/12\/Adessare-marca-100x100.png 100w\" \/><\/figure>\n<\/div>\n\n\n<p>Na Adessare, acreditamos no poder da informa\u00e7\u00e3o acess\u00edvel e de qualidade para transformar vidas. Nosso prop\u00f3sito \u00e9 compartilhar an\u00e1lises e reflex\u00f5es de uma forma leve e acess\u00edvel, permitindo que todos possam aprender e crescer ao lado de nossos especialistas.<\/p>\n\n\n\n<h2 class=\"wp-block-heading\">Nossa Miss\u00e3o<\/h2>\n\n\n\n<p>Capacitar pessoas atrav\u00e9s do conhecimento financeiro, compartilhando informa\u00e7\u00f5es claras e confi\u00e1veis que as inspirem a tomar decis\u00f5es aut\u00f4nomas e informadas.<\/p>\n\n\n\n<h2 class=\"wp-block-heading\">Nossa Vis\u00e3o<\/h2>\n\n\n\n<p>Visualizamos um futuro onde cada indiv\u00edduo ser\u00e1 empreendedor em sua pr\u00f3pria esfera, bem informado e capaz de avaliar e julgar informa\u00e7\u00f5es com independ\u00eancia e autonomia. Nosso objetivo \u00e9 contribuir para um mundo onde as pessoas alcancem a liberdade para fazerem o que sabem de melhor, construindo um amanh\u00e3 mais inovador e equilibrado.<\/p>\n\n\n\n<h2 class=\"wp-block-heading\">Nossos Valores<\/h2>\n\n\n\n<ul class=\"wp-block-list\">\n<li><strong>Liberdade Individual<\/strong>: Valorizamos a capacidade de cada pessoa tomar suas pr\u00f3prias decis\u00f5es de forma independente.<\/li>\n\n\n\n<li><strong>Compartilhamento de Ideias<\/strong>: Acreditamos que a troca de informa\u00e7\u00f5es \u00e9 essencial para o crescimento coletivo.<\/li>\n<\/ul>\n\n\n\n<h2 class=\"wp-block-heading\">Nossa Hist\u00f3ria<\/h2>\n\n\n\n<p>A Adessare nasceu da vis\u00e3o de Guilherme Andrade, jornalista e especialista em Martech, que enxergou nas inova\u00e7\u00f5es tecnol\u00f3gicas recentes uma oportunidade \u00fanica de transformar o acesso \u00e0 informa\u00e7\u00e3o. Ao simplificar processos complexos com o uso de ferramentas avan\u00e7adas e inteligentes, ele criou o Adessare com o objetivo de empoderar pessoas, ampliando significativamente o alcance e o impacto de informa\u00e7\u00f5es valiosas e transformadoras.<\/p>\n\n\n\n<h2 class=\"wp-block-heading\">Nossos Desafios<\/h2>\n\n\n\n<p>Construir a Adessare tem sido uma jornada desafiadora. Desde o in\u00edcio, enfrentamos o financiamento limitado do projeto e o alcance inicial baixo nas plataformas digitais. A \u00fanica forma de financiamento do  Adessare \u00e9 atrav\u00e9s da monetiza\u00e7\u00e3o (ainda n\u00e3o alcan\u00e7ada) pelo YouTube e Spotify. Por isso, cada curtida, coment\u00e1rio e inscri\u00e7\u00e3o em nossos canais fazem uma enorme diferen\u00e7a, ajudando-nos a alcan\u00e7ar mais pessoas e continuar criando conte\u00fado de qualidade.<\/p>\n\n\n\n<hr class=\"wp-block-separator has-alpha-channel-opacity\"\/>\n\n\n\n<h2 class=\"wp-block-heading\">O que fazemos<\/h2>\n\n\n\n<p>Oferecemos podcasts informativos no YouTube e Spotify, al\u00e9m de artigos no site oficial, trazendo an\u00e1lises de mercado e reflex\u00f5es que combinam tecnologia e pesquisa. Cada epis\u00f3dio \u00e9 fundamentado em uma ampla pesquisa, com fontes confi\u00e1veis sempre citadas e links disponibilizados na descri\u00e7\u00e3o dos v\u00eddeos e posts.<\/p>\n\n\n\n<h2 class=\"wp-block-heading\">Nosso compromisso com a informa\u00e7\u00e3o<\/h2>\n\n\n\n<p>Na Adessare, a precis\u00e3o \u00e9 prioridade. Todas as informa\u00e7\u00f5es que compartilhamos passam por uma cuidadosa curadoria e pesquisa. Somos transparentes: nossas fontes s\u00e3o citadas e acess\u00edveis para que voc\u00ea possa conferir e confiar no conte\u00fado.<\/p>\n\n\n\n<h2 class=\"wp-block-heading\">Nossos planos futuros<\/h2>\n\n\n\n<p>Estamos determinados a alcan\u00e7ar a monetiza\u00e7\u00e3o no YouTube e Spotify, permitindo que possamos investir ainda mais na produ\u00e7\u00e3o de materiais e expandir o impacto dos nossos podcasts.<\/p>\n\n\n\n<h2 class=\"wp-block-heading\">Conecte-se conosco<\/h2>\n\n\n\n<p>Fa\u00e7a parte dessa jornada conosco! Inscreva-se no canal, curta nossos v\u00eddeos e acompanhe nossos conte\u00fados para juntos construirmos um futuro mais informado e aut\u00f4nomo.<\/p>\n\n\n\n<div class=\"wp-block-columns is-layout-flex wp-container-core-columns-is-layout-9d6595d7 wp-block-columns-is-layout-flex\">\n<div class=\"wp-block-column is-layout-flow wp-block-column-is-layout-flow\">\n<div class=\"wp-block-buttons is-content-justification-center is-layout-flex wp-container-core-buttons-is-layout-16018d1d wp-block-buttons-is-layout-flex\">\n<div class=\"wp-block-button\"><a class=\"wp-block-button__link has-background wp-element-button\" href=\"https:\/\/www.youtube.com\/watch?v=QhyUKUxfKic&amp;list=PLbUEVQ6Ibq7HVoRSVJFHqUDAg9dwoMh-h\" style=\"background-color:#e2441c\" target=\"_blank\" rel=\"noreferrer noopener\">Quero acessar pelo YouTube<\/a><\/div>\n<\/div>\n<\/div>\n\n\n\n<div class=\"wp-block-column is-layout-flow wp-block-column-is-layout-flow\">\n<div class=\"wp-block-buttons is-content-justification-center is-layout-flex wp-container-core-buttons-is-layout-16018d1d wp-block-buttons-is-layout-flex\">\n<div class=\"wp-block-button\"><a class=\"wp-block-button__link has-background wp-element-button\" href=\"https:\/\/open.spotify.com\/show\/1HKRCScyXFkPWDBouQH6BF?si=b18ed9becb244f70\" style=\"background-color:#e2441c\" target=\"_blank\" rel=\"noreferrer noopener\">Quero acessar pelo Spotify<\/a><\/div>\n<\/div>\n<\/div>\n<\/div>\n\n\n\n<div style=\"height:100px\" aria-hidden=\"true\" class=\"wp-block-spacer\"><\/div>\n\n\n\n<div class=\"wp-block-ultimate-post-wrapper ultp-block-a29da1\"><div class=\"ultp-wrapper-block\">\n<h2 class=\"wp-block-heading has-text-align-center\"><strong>Por que o Adessare est\u00e1 no YouTube e no Spotify?<\/strong><\/h2>\n\n\n\n<div class=\"wp-block-columns is-layout-flex wp-container-core-columns-is-layout-9d6595d7 wp-block-columns-is-layout-flex\">\n<div class=\"wp-block-column is-layout-flow wp-block-column-is-layout-flow\">\n<h2 class=\"wp-block-heading has-text-align-center\">YouTube<\/h2>\n\n\n\n<p>Aqui est\u00e3o os principais benef\u00edcios de escutar um podcast pelo YouTube:<\/p>\n\n\n\n<ol class=\"wp-block-list\">\n<li><strong>Acessibilidade<\/strong>: O YouTube est\u00e1 amplamente dispon\u00edvel em diferentes dispositivos, como smartphones, computadores, TVs e tablets, tornando-o f\u00e1cil de acessar de qualquer lugar.<\/li>\n\n\n\n<li><strong>Interatividade<\/strong>: Os usu\u00e1rios podem comentar diretamente no v\u00eddeo, interagir com a comunidade e at\u00e9 mesmo com os criadores, criando uma experi\u00eancia mais participativa.<\/li>\n\n\n\n<li><strong>Playlists e Sugest\u00f5es<\/strong>: A plataforma organiza os epis\u00f3dios em playlists autom\u00e1ticas e sugere conte\u00fados relacionados, facilitando a descoberta de novos podcasts ou epis\u00f3dios interessantes.<\/li>\n\n\n\n<li><strong>Multitarefa (com YouTube Premium)<\/strong>: Com o YouTube Premium, \u00e9 poss\u00edvel ouvir o podcast com a tela desligada ou em segundo plano, tornando-o mais pr\u00e1tico para quem est\u00e1 em movimento.<\/li>\n\n\n\n<li><strong>Gratuidade<\/strong>: A maioria dos podcasts no YouTube \u00e9 gratuita, sem necessidade de assinatura para acessar o conte\u00fado.<\/li>\n\n\n\n<li><strong>Qualidade de \u00c1udio e V\u00eddeo<\/strong>: O YouTube suporta alta qualidade de \u00e1udio e v\u00eddeo, garantindo uma experi\u00eancia imersiva e agrad\u00e1vel.<\/li>\n\n\n\n<li><strong>F\u00e1cil Compartilhamento<\/strong>: Os v\u00eddeos podem ser facilmente compartilhados em redes sociais, grupos de mensagens e e-mails, aumentando o alcance do conte\u00fado.<\/li>\n\n\n\n<li><strong>Notifica\u00e7\u00f5es<\/strong>: Os usu\u00e1rios inscritos no canal podem receber notifica\u00e7\u00f5es quando novos epis\u00f3dios s\u00e3o lan\u00e7ados, garantindo que n\u00e3o percam nenhuma atualiza\u00e7\u00e3o.<\/li>\n<\/ol>\n\n\n\n<p>Se voc\u00ea busca uma experi\u00eancia rica e interativa, o YouTube \u00e9 uma excelente plataforma para consumir podcasts.<\/p>\n\n\n\n<div class=\"wp-block-buttons is-content-justification-center is-layout-flex wp-container-core-buttons-is-layout-16018d1d wp-block-buttons-is-layout-flex\">\n<div class=\"wp-block-button\"><a class=\"wp-block-button__link has-background wp-element-button\" style=\"background-color:#e2441c\">Acessar pelo YouTube<\/a><\/div>\n<\/div>\n<\/div>\n\n\n\n<div class=\"wp-block-column is-layout-flow wp-block-column-is-layout-flow\">\n<h2 class=\"wp-block-heading has-text-align-center\">Spotify<\/h2>\n\n\n\n<p>Aqui est\u00e3o os principais benef\u00edcios de escutar um podcast pelo Spotify:<\/p>\n\n\n\n<ol class=\"wp-block-list\">\n<li><strong>Plataforma Dedicada a \u00c1udio<\/strong>: O Spotify \u00e9 projetado especificamente para \u00e1udio, proporcionando uma experi\u00eancia otimizada tanto para m\u00fasicas quanto para podcasts.<\/li>\n\n\n\n<li><strong>Acessibilidade Multidispositivos<\/strong>: Dispon\u00edvel em smartphones, computadores, tablets, smart TVs, dispositivos de streaming e at\u00e9 carros, o Spotify permite escutar podcasts em qualquer lugar.<\/li>\n\n\n\n<li><strong>Experi\u00eancia Personalizada<\/strong>: O Spotify utiliza algoritmos para sugerir novos podcasts com base nos interesses e no hist\u00f3rico de audi\u00e7\u00e3o, ajudando a descobrir conte\u00fados relevantes.<\/li>\n\n\n\n<li><strong>Multitarefa<\/strong>: O Spotify funciona perfeitamente em segundo plano, permitindo que voc\u00ea use outros aplicativos enquanto escuta.<\/li>\n\n\n\n<li><strong>Sem Interrup\u00e7\u00f5es (com Premium)<\/strong>: No plano Premium, os podcasts podem ser ouvidos sem interrup\u00e7\u00f5es por an\u00fancios, proporcionando uma experi\u00eancia mais fluida.<\/li>\n\n\n\n<li><strong>Playlists de Podcasts<\/strong>: O Spotify permite criar playlists personalizadas com epis\u00f3dios de diferentes podcasts, facilitando a organiza\u00e7\u00e3o e o acesso aos conte\u00fados favoritos.<\/li>\n\n\n\n<li><strong>Compatibilidade com Dispositivos Inteligentes<\/strong>: Funciona com assistentes de voz como Alexa e Google Assistant, permitindo iniciar ou controlar a reprodu\u00e7\u00e3o por comandos de voz.<\/li>\n\n\n\n<li><strong>Conex\u00e3o com Redes Sociais<\/strong>: \u00c9 f\u00e1cil compartilhar epis\u00f3dios em redes sociais ou diretamente com amigos, incentivando conversas e discuss\u00f5es.<\/li>\n<\/ol>\n\n\n\n<p>O Spotify \u00e9 uma excelente escolha para quem busca uma experi\u00eancia de podcast centrada em \u00e1udio, com recursos avan\u00e7ados e uma interface intuitiva<\/p>\n\n\n\n<div class=\"wp-block-buttons is-content-justification-center is-layout-flex wp-container-core-buttons-is-layout-16018d1d wp-block-buttons-is-layout-flex\">\n<div class=\"wp-block-button\"><a class=\"wp-block-button__link has-background wp-element-button\" style=\"background-color:#e2441c\">Acessar pelo Spotify<\/a><\/div>\n<\/div>\n<\/div>\n<\/div>\n<\/div><\/div>\n","protected":false},"excerpt":{"rendered":"<p>Quem somos Na Adessare, acreditamos no poder da informa\u00e7\u00e3o acess\u00edvel e de qualidade para transformar vidas. Nosso prop\u00f3sito \u00e9 compartilhar an\u00e1lises e reflex\u00f5es de uma forma leve e acess\u00edvel, permitindo que todos possam aprender e crescer ao lado de nossos especialistas. Nossa Miss\u00e3o Capacitar pessoas atrav\u00e9s do conhecimento financeiro, compartilhando informa\u00e7\u00f5es claras e confi\u00e1veis que &hellip; <\/p>\n<p class=\"link-more\"><a href=\"https:\/\/adessare.com\/site\/quem-somos\/\" class=\"more-link\">Continue lendo<span class=\"screen-reader-text\"> &#8220;Quem somos&#8221;<\/span><\/a><\/p>\n","protected":false},"author":1,"featured_media":0,"parent":0,"menu_order":0,"comment_status":"closed","ping_status":"closed","template":"","meta":{"footnotes":""},"class_list":["post-25","page","type-page","status-publish","hentry"],"yoast_head":"<!-- This site is optimized with the Yoast SEO plugin v24.1 - https:\/\/yoast.com\/wordpress\/plugins\/seo\/ -->\n<title>Quem somos - Adessare<\/title>\n<meta name=\"description\" content=\"Adessare: podcasts e an\u00e1lises financeiras para capacitar voc\u00ea com informa\u00e7\u00f5es claras e acess\u00edveis. Conhe\u00e7a nossa miss\u00e3o e vis\u00e3o.\" \/>\n<meta name=\"robots\" content=\"index, follow, max-snippet:-1, max-image-preview:large, max-video-preview:-1\" \/>\n<link rel=\"canonical\" href=\"https:\/\/adessare.com\/site\/quem-somos\/\" \/>\n<meta property=\"og:locale\" content=\"pt_BR\" \/>\n<meta property=\"og:type\" content=\"article\" \/>\n<meta property=\"og:title\" content=\"Quem somos - Adessare\" \/>\n<meta property=\"og:description\" content=\"Adessare: podcasts e an\u00e1lises financeiras para capacitar voc\u00ea com informa\u00e7\u00f5es claras e acess\u00edveis. Conhe\u00e7a nossa miss\u00e3o e vis\u00e3o.\" \/>\n<meta property=\"og:url\" content=\"https:\/\/adessare.com\/site\/quem-somos\/\" \/>\n<meta property=\"og:site_name\" content=\"Adessare\" \/>\n<meta property=\"article:modified_time\" content=\"2025-01-02T03:54:15+00:00\" \/>\n<meta property=\"og:image\" content=\"https:\/\/adessare.com\/site\/wp-content\/uploads\/2024\/12\/Adessare-marca.png\" \/>\n<meta name=\"twitter:card\" content=\"summary_large_image\" \/>\n<script type=\"application\/ld+json\" class=\"yoast-schema-graph\">{\"@context\":\"https:\/\/schema.org\",\"@graph\":[{\"@type\":\"WebPage\",\"@id\":\"https:\/\/adessare.com\/site\/quem-somos\/\",\"url\":\"https:\/\/adessare.com\/site\/quem-somos\/\",\"name\":\"Quem somos - Adessare\",\"isPartOf\":{\"@id\":\"http:\/\/adessare.com\/site\/#website\"},\"primaryImageOfPage\":{\"@id\":\"https:\/\/adessare.com\/site\/quem-somos\/#primaryimage\"},\"image\":{\"@id\":\"https:\/\/adessare.com\/site\/quem-somos\/#primaryimage\"},\"thumbnailUrl\":\"https:\/\/adessare.com\/site\/wp-content\/uploads\/2024\/12\/Adessare-marca.png\",\"datePublished\":\"2024-12-26T16:38:51+00:00\",\"dateModified\":\"2025-01-02T03:54:15+00:00\",\"description\":\"Adessare: podcasts e an\u00e1lises financeiras para capacitar voc\u00ea com informa\u00e7\u00f5es claras e acess\u00edveis. Conhe\u00e7a nossa miss\u00e3o e vis\u00e3o.\",\"breadcrumb\":{\"@id\":\"https:\/\/adessare.com\/site\/quem-somos\/#breadcrumb\"},\"inLanguage\":\"pt-BR\",\"potentialAction\":[{\"@type\":\"ReadAction\",\"target\":[\"https:\/\/adessare.com\/site\/quem-somos\/\"]}]},{\"@type\":\"ImageObject\",\"inLanguage\":\"pt-BR\",\"@id\":\"https:\/\/adessare.com\/site\/quem-somos\/#primaryimage\",\"url\":\"https:\/\/adessare.com\/site\/wp-content\/uploads\/2024\/12\/Adessare-marca.png\",\"contentUrl\":\"https:\/\/adessare.com\/site\/wp-content\/uploads\/2024\/12\/Adessare-marca.png\",\"width\":2251,\"height\":2250,\"caption\":\"Logo Adessare\"},{\"@type\":\"BreadcrumbList\",\"@id\":\"https:\/\/adessare.com\/site\/quem-somos\/#breadcrumb\",\"itemListElement\":[{\"@type\":\"ListItem\",\"position\":1,\"name\":\"In\u00edcio\",\"item\":\"http:\/\/adessare.com\/site\/\"},{\"@type\":\"ListItem\",\"position\":2,\"name\":\"Quem somos\"}]},{\"@type\":\"WebSite\",\"@id\":\"http:\/\/adessare.com\/site\/#website\",\"url\":\"http:\/\/adessare.com\/site\/\",\"name\":\"Adessare\",\"description\":\"Site com podcasts sobre empreendedorismo, marketing, finan\u00e7as e economia.\",\"publisher\":{\"@id\":\"http:\/\/adessare.com\/site\/#organization\"},\"alternateName\":\"Podcasts do Adessare\",\"potentialAction\":[{\"@type\":\"SearchAction\",\"target\":{\"@type\":\"EntryPoint\",\"urlTemplate\":\"http:\/\/adessare.com\/site\/?s={search_term_string}\"},\"query-input\":{\"@type\":\"PropertyValueSpecification\",\"valueRequired\":true,\"valueName\":\"search_term_string\"}}],\"inLanguage\":\"pt-BR\"},{\"@type\":\"Organization\",\"@id\":\"http:\/\/adessare.com\/site\/#organization\",\"name\":\"Adessare\",\"url\":\"http:\/\/adessare.com\/site\/\",\"logo\":{\"@type\":\"ImageObject\",\"inLanguage\":\"pt-BR\",\"@id\":\"http:\/\/adessare.com\/site\/#\/schema\/logo\/image\/\",\"url\":\"https:\/\/adessare.com\/site\/wp-content\/uploads\/2024\/12\/Adessare-marca.png\",\"contentUrl\":\"https:\/\/adessare.com\/site\/wp-content\/uploads\/2024\/12\/Adessare-marca.png\",\"width\":2251,\"height\":2250,\"caption\":\"Adessare\"},\"image\":{\"@id\":\"http:\/\/adessare.com\/site\/#\/schema\/logo\/image\/\"},\"sameAs\":[\"https:\/\/www.youtube.com\/watch?v=QhyUKUxfKic&list=PLbUEVQ6Ibq7HVoRSVJFHqUDAg9dwoMh-h\",\"https:\/\/open.spotify.com\/show\/1HKRCScyXFkPWDBouQH6BF?si=b18ed9becb244f70&nd=1&dlsi=88ac2940c8ba419e\",\"https:\/\/www.instagram.com\/adessaremedia\"]}]}<\/script>\n<!-- \/ Yoast SEO plugin. -->","yoast_head_json":{"title":"Quem somos - Adessare","description":"Adessare: podcasts e an\u00e1lises financeiras para capacitar voc\u00ea com informa\u00e7\u00f5es claras e acess\u00edveis. Conhe\u00e7a nossa miss\u00e3o e vis\u00e3o.","robots":{"index":"index","follow":"follow","max-snippet":"max-snippet:-1","max-image-preview":"max-image-preview:large","max-video-preview":"max-video-preview:-1"},"canonical":"https:\/\/adessare.com\/site\/quem-somos\/","og_locale":"pt_BR","og_type":"article","og_title":"Quem somos - Adessare","og_description":"Adessare: podcasts e an\u00e1lises financeiras para capacitar voc\u00ea com informa\u00e7\u00f5es claras e acess\u00edveis. Conhe\u00e7a nossa miss\u00e3o e vis\u00e3o.","og_url":"https:\/\/adessare.com\/site\/quem-somos\/","og_site_name":"Adessare","article_modified_time":"2025-01-02T03:54:15+00:00","og_image":[{"url":"https:\/\/adessare.com\/site\/wp-content\/uploads\/2024\/12\/Adessare-marca.png","type":"","width":"","height":""}],"twitter_card":"summary_large_image","schema":{"@context":"https:\/\/schema.org","@graph":[{"@type":"WebPage","@id":"https:\/\/adessare.com\/site\/quem-somos\/","url":"https:\/\/adessare.com\/site\/quem-somos\/","name":"Quem somos - Adessare","isPartOf":{"@id":"http:\/\/adessare.com\/site\/#website"},"primaryImageOfPage":{"@id":"https:\/\/adessare.com\/site\/quem-somos\/#primaryimage"},"image":{"@id":"https:\/\/adessare.com\/site\/quem-somos\/#primaryimage"},"thumbnailUrl":"https:\/\/adessare.com\/site\/wp-content\/uploads\/2024\/12\/Adessare-marca.png","datePublished":"2024-12-26T16:38:51+00:00","dateModified":"2025-01-02T03:54:15+00:00","description":"Adessare: podcasts e an\u00e1lises financeiras para capacitar voc\u00ea com informa\u00e7\u00f5es claras e acess\u00edveis. Conhe\u00e7a nossa miss\u00e3o e vis\u00e3o.","breadcrumb":{"@id":"https:\/\/adessare.com\/site\/quem-somos\/#breadcrumb"},"inLanguage":"pt-BR","potentialAction":[{"@type":"ReadAction","target":["https:\/\/adessare.com\/site\/quem-somos\/"]}]},{"@type":"ImageObject","inLanguage":"pt-BR","@id":"https:\/\/adessare.com\/site\/quem-somos\/#primaryimage","url":"https:\/\/adessare.com\/site\/wp-content\/uploads\/2024\/12\/Adessare-marca.png","contentUrl":"https:\/\/adessare.com\/site\/wp-content\/uploads\/2024\/12\/Adessare-marca.png","width":2251,"height":2250,"caption":"Logo Adessare"},{"@type":"BreadcrumbList","@id":"https:\/\/adessare.com\/site\/quem-somos\/#breadcrumb","itemListElement":[{"@type":"ListItem","position":1,"name":"In\u00edcio","item":"http:\/\/adessare.com\/site\/"},{"@type":"ListItem","position":2,"name":"Quem somos"}]},{"@type":"WebSite","@id":"http:\/\/adessare.com\/site\/#website","url":"http:\/\/adessare.com\/site\/","name":"Adessare","description":"Site com podcasts sobre empreendedorismo, marketing, finan\u00e7as e economia.","publisher":{"@id":"http:\/\/adessare.com\/site\/#organization"},"alternateName":"Podcasts do Adessare","potentialAction":[{"@type":"SearchAction","target":{"@type":"EntryPoint","urlTemplate":"http:\/\/adessare.com\/site\/?s={search_term_string}"},"query-input":{"@type":"PropertyValueSpecification","valueRequired":true,"valueName":"search_term_string"}}],"inLanguage":"pt-BR"},{"@type":"Organization","@id":"http:\/\/adessare.com\/site\/#organization","name":"Adessare","url":"http:\/\/adessare.com\/site\/","logo":{"@type":"ImageObject","inLanguage":"pt-BR","@id":"http:\/\/adessare.com\/site\/#\/schema\/logo\/image\/","url":"https:\/\/adessare.com\/site\/wp-content\/uploads\/2024\/12\/Adessare-marca.png","contentUrl":"https:\/\/adessare.com\/site\/wp-content\/uploads\/2024\/12\/Adessare-marca.png","width":2251,"height":2250,"caption":"Adessare"},"image":{"@id":"http:\/\/adessare.com\/site\/#\/schema\/logo\/image\/"},"sameAs":["https:\/\/www.youtube.com\/watch?v=QhyUKUxfKic&list=PLbUEVQ6Ibq7HVoRSVJFHqUDAg9dwoMh-h","https:\/\/open.spotify.com\/show\/1HKRCScyXFkPWDBouQH6BF?si=b18ed9becb244f70&nd=1&dlsi=88ac2940c8ba419e","https:\/\/www.instagram.com\/adessaremedia"]}]}},"_links":{"self":[{"href":"https:\/\/adessare.com\/site\/wp-json\/wp\/v2\/pages\/25","targetHints":{"allow":["GET"]}}],"collection":[{"href":"https:\/\/adessare.com\/site\/wp-json\/wp\/v2\/pages"}],"about":[{"href":"https:\/\/adessare.com\/site\/wp-json\/wp\/v2\/types\/page"}],"author":[{"embeddable":true,"href":"https:\/\/adessare.com\/site\/wp-json\/wp\/v2\/users\/1"}],"replies":[{"embeddable":true,"href":"https:\/\/adessare.com\/site\/wp-json\/wp\/v2\/comments?post=25"}],"version-history":[{"count":24,"href":"https:\/\/adessare.com\/site\/wp-json\/wp\/v2\/pages\/25\/revisions"}],"predecessor-version":[{"id":845,"href":"https:\/\/adessare.com\/site\/wp-json\/wp\/v2\/pages\/25\/revisions\/845"}],"wp:attachment":[{"href":"https:\/\/adessare.com\/site\/wp-json\/wp\/v2\/media?parent=25"}],"curies":[{"name":"wp","href":"https:\/\/api.w.org\/{rel}","templated":true}]}}