{"id":27,"date":"2024-12-26T13:45:35","date_gmt":"2024-12-26T16:45:35","guid":{"rendered":"https:\/\/adessare.com\/site\/?page_id=27"},"modified":"2025-01-26T22:42:01","modified_gmt":"2025-01-27T01:42:01","slug":"inicial","status":"publish","type":"page","link":"https:\/\/adessare.com\/site\/","title":{"rendered":"Inicial"},"content":{"rendered":"\n<h1 class=\"wp-block-heading\" id=\"Adessare:_Conectando_voc\u00ea_ao_mundo_das_finan\u00e7as,_neg\u00f3cios_e_economia\"><strong>Adessare: Conectando voc\u00ea ao mundo das finan\u00e7as, neg\u00f3cios e economia<\/strong><\/h1>\n\n\n\n<p>A Adessare \u00e9 o seu guia completo para navegar pelo universo complexo e din\u00e2mico da economia, finan\u00e7as e neg\u00f3cios no Brasil. Atrav\u00e9s de v\u00eddeos informativos e descomplicados, ajudamos voc\u00ea a entender os principais acontecimentos e tend\u00eancias, tomar decis\u00f5es mais inteligentes e alcan\u00e7ar seus objetivos financeiros. <\/p>\n\n\n\n<p>Acreditamos que a informa\u00e7\u00e3o \u00e9 a chave para o sucesso. Por isso, nos dedicamos a produzir conte\u00fado de qualidade, com base em dados e pesquisas, e apresentado de forma clara e engajadora.<\/p>\n\n\n\n<p>Junte-se \u00e0 nossa comunidade e fique por dentro de tudo que voc\u00ea precisa saber para prosperar no mundo dos neg\u00f3cios e das finan\u00e7as. <\/p>\n\n\n\n<h2 class=\"wp-block-heading\">Nossos \u00faltimos podcasts:<\/h2>\n\n\n<div  class=\"ultp-post-grid-block wp-block-ultimate-post-post-grid-6 ultp-block-3b49ed\"><div class=\"ultp-block-wrapper\"><div class=\"ultp-loading\"><div class=\"ultp-loading-spinner\" style=\"width:100%;height:100%\"><div><\/div><div><\/div><div><\/div><div><\/div><div><\/div><div><\/div><div><\/div><div><\/div><div><\/div><div><\/div><div><\/div><div><\/div><\/div><\/div><div class=\"ultp-block-items-wrap ultp-block-row ultp-layout1 ultp-block-content-false\"><div class=\"ultp-block-item post-id-1360 ultp-block-item-0\"><div class=\"ultp-block-content-wrap ultp-block-content-overlay\"><div class=\"ultp-block-image ultp-block-image-zoomIn ultp-block-image-overlay ultp-block-image-simgleGradient\"><a href=\"https:\/\/adessare.com\/site\/inteligencia-artificial-para-pmes-em-2026-tendencias-aplicacoes-e-o-que-realmente-da-retorno\/\" ><img decoding=\"async\"   alt=\"IA para PMEs em 2026: o que realmente d\u00e1 retorno\" src=\"https:\/\/adessare.com\/site\/wp-content\/uploads\/2025\/12\/ChatGPT-Image-29-de-dez.-de-2025-01_51_30-870x570.webp\" \/><\/a><\/div><div class=\"ultp-block-content ultp-block-content-bottomPosition\"><div class=\"ultp-block-content-inner\"><div class=\"ultp-category-grid ultp-category-classic ultp-category-aboveTitle\"><div class=\"ultp-category-in\"><a class=\"ultp-cat-inovacao\" href=\"https:\/\/adessare.com\/site\/category\/inovacao\/\"  >Inova\u00e7\u00e3o<\/a><a class=\"ultp-cat-marketing\" href=\"https:\/\/adessare.com\/site\/category\/marketing\/\"  >Marketing<\/a><\/div><\/div><h3 class=\"ultp-block-title \"><a href=\"https:\/\/adessare.com\/site\/inteligencia-artificial-para-pmes-em-2026-tendencias-aplicacoes-e-o-que-realmente-da-retorno\/\" >IA para PMEs em 2026: o que realmente d\u00e1 retorno<\/a><\/h3><\/div><\/div><\/div><\/div><div class=\"ultp-block-item post-id-1337 ultp-block-item-1\"><div class=\"ultp-block-content-wrap ultp-block-content-overlay\"><div class=\"ultp-block-image ultp-block-image-zoomIn ultp-block-image-overlay ultp-block-image-simgleGradient\"><a href=\"https:\/\/adessare.com\/site\/monte-o-seu-conselho-de-negocios-no-chatgpt\/\" ><img decoding=\"async\"   alt=\"Monte o seu Conselho de Neg\u00f3cios no ChatGPT\" src=\"https:\/\/adessare.com\/site\/wp-content\/uploads\/2025\/11\/Captura-de-tela-2025-11-02-23.04.25-600x600.webp\" \/><\/a><\/div><div class=\"ultp-block-content ultp-block-content-bottomPosition\"><div class=\"ultp-block-content-inner\"><h3 class=\"ultp-block-title \"><a href=\"https:\/\/adessare.com\/site\/monte-o-seu-conselho-de-negocios-no-chatgpt\/\" >Monte o seu Conselho de Neg\u00f3cios no ChatGPT<\/a><\/h3><\/div><\/div><\/div><\/div><div class=\"ultp-block-item post-id-1331 ultp-block-item-2\"><div class=\"ultp-block-content-wrap ultp-block-content-overlay\"><div class=\"ultp-block-image ultp-block-image-zoomIn ultp-block-image-overlay ultp-block-image-simgleGradient\"><a href=\"https:\/\/adessare.com\/site\/guia-completo-sobre-generative-engine-optimization-geo\/\" ><img decoding=\"async\"   alt=\"Guia completo sobre Generative Engine Optimization (GEO)\" src=\"https:\/\/adessare.com\/site\/wp-content\/uploads\/2025\/07\/ChatGPT-Image-5-de-nov.-de-2025-21_28_57-600x600.webp\" \/><\/a><\/div><div class=\"ultp-block-content ultp-block-content-bottomPosition\"><div class=\"ultp-block-content-inner\"><h3 class=\"ultp-block-title \"><a href=\"https:\/\/adessare.com\/site\/guia-completo-sobre-generative-engine-optimization-geo\/\" >Guia completo sobre Generative Engine Optimization (GEO)<\/a><\/h3><\/div><\/div><\/div><\/div><div class=\"ultp-block-item post-id-1320 ultp-block-item-3\"><div class=\"ultp-block-content-wrap ultp-block-content-overlay\"><div class=\"ultp-block-image ultp-block-image-zoomIn ultp-block-image-overlay ultp-block-image-simgleGradient\"><a href=\"https:\/\/adessare.com\/site\/marketing-inovador-para-q3-de-2025\/\" ><img decoding=\"async\"   alt=\"Marketing Inovador para Q3 de 2025\" src=\"https:\/\/adessare.com\/site\/wp-content\/uploads\/2025\/05\/freepik__elegant-and-confident-businesswoman-in-her-early-3__84155-600x600.webp\" \/><\/a><\/div><div class=\"ultp-block-content ultp-block-content-bottomPosition\"><div class=\"ultp-block-content-inner\"><h3 class=\"ultp-block-title \"><a href=\"https:\/\/adessare.com\/site\/marketing-inovador-para-q3-de-2025\/\" >Marketing Inovador para Q3 de 2025<\/a><\/h3><\/div><\/div><\/div><\/div><div class=\"ultp-block-item post-id-1305 ultp-block-item-4\"><div class=\"ultp-block-content-wrap ultp-block-content-overlay\"><div class=\"ultp-block-image ultp-block-image-zoomIn ultp-block-image-overlay ultp-block-image-simgleGradient\"><a href=\"https:\/\/adessare.com\/site\/guia-definitivo-de-vendas-b2b\/\" ><img decoding=\"async\"   alt=\"Guia Definitivo de Vendas\u00a0B2B no Brasil\u00a0(2025)\" src=\"https:\/\/adessare.com\/site\/wp-content\/uploads\/2025\/04\/freepik__the-style-is-candid-image-photography-with-natural__38636-600x600.webp\" \/><\/a><\/div><div class=\"ultp-block-content ultp-block-content-bottomPosition\"><div class=\"ultp-block-content-inner\"><h3 class=\"ultp-block-title \"><a href=\"https:\/\/adessare.com\/site\/guia-definitivo-de-vendas-b2b\/\" >Guia Definitivo de Vendas\u00a0B2B no Brasil\u00a0(2025)<\/a><\/h3><\/div><\/div><\/div><\/div><\/div><\/div><div class=\"pagination-block-html\" aria-hidden=\"true\" style=\"display: none;\"><\/div><\/div>\n\n\n<h2 class=\"wp-block-heading\">Editorias<\/h2>\n\n\n\n<div class=\"wp-block-columns is-layout-flex wp-container-core-columns-is-layout-9d6595d7 wp-block-columns-is-layout-flex\">\n<div class=\"wp-block-column is-layout-flow wp-block-column-is-layout-flow\"><div class=\"wp-block-image\">\n<figure class=\"aligncenter size-full\"><img loading=\"lazy\" decoding=\"async\" width=\"100\" height=\"100\" sizes=\"auto, (max-width: 706px) 89vw, (max-width: 767px) 82vw, 740px\" src=\"http:\/\/adessare.com\/site\/wp-content\/uploads\/2024\/12\/paid_50dp_72A1A6_FILL0_wght400_GRAD0_opsz48-e1735412512510.png\" alt=\"Economia Brasileira\" class=\"wp-image-494\"\/><\/figure>\n<\/div>\n\n\n<h2 class=\"wp-block-heading has-text-align-center\" id=\"Economia_Brasileira\"><strong>Economia Brasileira<\/strong><\/h2>\n\n\n\n<p class=\"has-text-align-center\">Analisamos a conjuntura econ\u00f4mica atual, as perspectivas para o futuro e os impactos no seu bolso. Desvendamos temas complexos como infla\u00e7\u00e3o, d\u00f3lar, juros e investimentos, de forma clara e acess\u00edvel.<\/p>\n<\/div>\n\n\n\n<div class=\"wp-block-column is-layout-flow wp-block-column-is-layout-flow\"><div class=\"wp-block-image\">\n<figure class=\"aligncenter size-full\"><img loading=\"lazy\" decoding=\"async\" width=\"100\" height=\"100\" sizes=\"auto, (max-width: 706px) 89vw, (max-width: 767px) 82vw, 740px\" src=\"http:\/\/adessare.com\/site\/wp-content\/uploads\/2024\/12\/savings_50dp_72A1A6_FILL0_wght400_GRAD0_opsz48-e1735412533271.png\" alt=\"Finan\u00e7as pessoais\" class=\"wp-image-496\"\/><\/figure>\n<\/div>\n\n\n<h2 class=\"wp-block-heading has-text-align-center\" id=\"Finan\u00e7as_Pessoais\"><strong>Finan\u00e7as Pessoais<\/strong><\/h2>\n\n\n\n<p class=\"has-text-align-center\">Compartilhamos dicas e estrat\u00e9gias para organizar suas finan\u00e7as, quitar d\u00edvidas, investir com seguran\u00e7a e realizar seus sonhos. Ensinamos como usar melhor seu dinheiro e construir uma vida financeira mais s\u00f3lida.<\/p>\n<\/div>\n\n\n\n<div class=\"wp-block-column is-layout-flow wp-block-column-is-layout-flow\"><div class=\"wp-block-image\">\n<figure class=\"aligncenter size-full\"><img loading=\"lazy\" decoding=\"async\" width=\"100\" height=\"100\" sizes=\"auto, (max-width: 706px) 89vw, (max-width: 767px) 82vw, 740px\" src=\"http:\/\/adessare.com\/site\/wp-content\/uploads\/2024\/12\/finance_mode_50dp_72A1A6_FILL0_wght400_GRAD0_opsz48-e1735412546177.png\" alt=\"Mercado financeiro\" class=\"wp-image-498\"\/><\/figure>\n<\/div>\n\n\n<h2 class=\"wp-block-heading has-text-align-center\" id=\"Empreendedorismo\"><strong>Mercado Financeiro<\/strong><\/h2>\n\n\n\n<p class=\"has-text-align-center\">Analisamos os principais indicadores do mercado, as perspectivas para investimentos e as oportunidades para quem quer fazer seu dinheiro crescer.<\/p>\n<\/div>\n<\/div>\n\n\n\n<div class=\"wp-block-columns is-layout-flex wp-container-core-columns-is-layout-9d6595d7 wp-block-columns-is-layout-flex\">\n<div class=\"wp-block-column is-layout-flow wp-block-column-is-layout-flow\"><div class=\"wp-block-image\">\n<figure class=\"aligncenter size-full\"><img loading=\"lazy\" decoding=\"async\" width=\"100\" height=\"100\" sizes=\"auto, (max-width: 706px) 89vw, (max-width: 767px) 82vw, 740px\" src=\"http:\/\/adessare.com\/site\/wp-content\/uploads\/2024\/12\/device_hub_50dp_72A1A6_FILL0_wght400_GRAD0_opsz48-e1735412557475.png\" alt=\"Tecnologia e inova\u00e7\u00e3o\" class=\"wp-image-501\"\/><\/figure>\n<\/div>\n\n\n<h2 class=\"wp-block-heading has-text-align-center\" id=\"Tecnologia_e_inova\u00e7\u00e3o\"><strong>Tecnologia e inova\u00e7\u00e3o<\/strong><\/h2>\n\n\n\n<p class=\"has-text-align-center\">Exploramos as tend\u00eancias e o impacto da tecnologia nos neg\u00f3cios e na economia. Desvendamos temas como intelig\u00eancia artificial, live commerce, CRM, automa\u00e7\u00e3o de marketing e muito mais.<\/p>\n<\/div>\n\n\n\n<div class=\"wp-block-column is-layout-flow wp-block-column-is-layout-flow\"><div class=\"wp-block-image\">\n<figure class=\"aligncenter size-full\"><img loading=\"lazy\" decoding=\"async\" width=\"100\" height=\"100\" sizes=\"auto, (max-width: 706px) 89vw, (max-width: 767px) 82vw, 740px\" src=\"http:\/\/adessare.com\/site\/wp-content\/uploads\/2024\/12\/rebase_edit_50dp_72A1A6_FILL0_wght400_GRAD0_opsz48-e1735412570326.png\" alt=\"Empreendedorismo\" class=\"wp-image-502\"\/><\/figure>\n<\/div>\n\n\n<h2 class=\"wp-block-heading has-text-align-center\" id=\"Mercado_Financeiro\"><strong>Empreendedorismo<\/strong><\/h2>\n\n\n\n<p class=\"has-text-align-center\">Abordamos os desafios e oportunidades para quem quer empreender no Brasil. Dicas para abrir um neg\u00f3cio, usar o marketing digital, gerenciar suas vendas e alcan\u00e7ar o sucesso.<\/p>\n<\/div>\n<\/div>\n\n\n\n<div class=\"wp-block-columns is-layout-flex wp-container-core-columns-is-layout-9d6595d7 wp-block-columns-is-layout-flex\">\n<div class=\"wp-block-column has-background is-layout-flow wp-block-column-is-layout-flow\" style=\"background-color:#72a1a6\">\n<h3 class=\"wp-block-heading has-text-color has-link-color has-medium-font-size wp-elements-bca82b312da9164712038190b0d004a5\" id=\"Informa\u00e7\u00f5es_precisas:\" style=\"color:#1e3b4b\"><strong>Informa\u00e7\u00f5es precisas:<\/strong><\/h3>\n\n\n\n<h2 class=\"wp-block-heading has-white-color has-text-color has-link-color wp-elements-5584f40f64ec052f52ab2cb3e4c8f63a\" id=\"Fontes_Confi\u00e1veis,_Informa\u00e7\u00f5es_Precisas:_O_Compromisso_da_Adessare_com_a_Excel\u00eancia\">O compromisso da Adessare com a excel\u00eancia<\/h2>\n\n\n\n<p>A Adessare seleciona cuidadosamente as melhores fontes de informa\u00e7\u00e3o por meio de uma combina\u00e7\u00e3o de curadoria humana e tecnologia avan\u00e7ada. Nossa equipe de especialistas monitora constantemente as principais publica\u00e7\u00f5es financeiras, ve\u00edculos de not\u00edcias globais e dados de mercado em tempo real.<\/p>\n<\/div>\n\n\n\n<div class=\"wp-block-column padding: 15px; has-background is-layout-flow wp-block-column-is-layout-flow\" style=\"background-color:#72a1a6\">\n<h3 class=\"wp-block-heading has-text-color has-link-color has-medium-font-size wp-elements-f4113014dabd92b513691011e6bd91e8\" id=\"An\u00e1lises_Profundas:\" style=\"color:#1e3b4b\"><strong>An\u00e1lises profundas:<\/strong><\/h3>\n\n\n\n<h2 class=\"wp-block-heading has-white-color has-text-color has-link-color wp-elements-b9f9801192e19f84514e499e265a3781\" id=\"An\u00e1lises_Profundas_e_Decis\u00f5es_Seguras:_A_Expertise_dos_Analistas_da_Adessare\">An\u00e1lises profundas e decis\u00f5es seguras: a expertise dos analistas da Adessare<\/h2>\n\n\n\n<p class=\"caixa\">Nossa equipe \u00e9 formada por especialistas que utilizam ferramentas avan\u00e7adas de an\u00e1lise de dados, combinadas com uma compreens\u00e3o pr\u00e1tica das din\u00e2micas do mercado. Isso permite que nossos analistas interpretem de forma cr\u00edtica os movimentos do mercado global, identifiquem tend\u00eancias emergentes e fa\u00e7am proje\u00e7\u00f5es assertivas.<\/p>\n<\/div>\n\n\n\n<div class=\"wp-block-column has-background is-layout-flow wp-block-column-is-layout-flow\" style=\"background-color:#72a1a6\">\n<h3 class=\"wp-block-heading has-text-color has-link-color has-medium-font-size wp-elements-55359bd9620916d9b25e5ed281f957bc\" id=\"Clareza_e_Objetividade:_\" style=\"color:#1e3b4b\"><strong>Clareza e objetividade: <\/strong><\/h3>\n\n\n\n<h2 class=\"wp-block-heading has-white-color has-text-color has-link-color wp-elements-e2305b9e4c8f0a11c6f9be0dfb66ade1\" id=\"A_comunica\u00e7\u00e3o_transparente_da_Adessare\">A comunica\u00e7\u00e3o transparente da Adessare<\/h2>\n\n\n\n<p>Na Adessare, clareza e objetividade s\u00e3o princ\u00edpios fundamentais. Entendemos que o mercado financeiro pode ser complexo, e nosso compromisso \u00e9 simplificar sem perder a profundidade nas an\u00e1lises. Nosso foco \u00e9 garantir que voc\u00ea receba insights pr\u00e1ticos e acion\u00e1veis, sem ru\u00eddos, permitindo uma compreens\u00e3o clara das oportunidades e riscos do mercado.<\/p>\n<\/div>\n<\/div>\n\n\n\n<h2 class=\"wp-block-heading\">Como nos ouvir<\/h2>\n\n\n\n<p><strong>Acompanhe nosso podcast nas principais plataformas de streaming:<\/strong><\/p>\n\n\n\n<div class=\"wp-block-ultimate-post-row ultp-block-5e0c1e\"><div class=\"ultp-row-wrapper\"><div class=\"ultp-row-content\">\n<div class=\"wp-block-ultimate-post-column ultp-block-2b6789\"><div class=\"ultp-column-wrapper\">\n<div class=\"wp-block-buttons is-content-justification-center is-layout-flex wp-container-core-buttons-is-layout-16018d1d wp-block-buttons-is-layout-flex\">\n<div class=\"wp-block-button\"><a class=\"wp-block-button__link has-background wp-element-button\" href=\"https:\/\/www.youtube.com\/watch?v=QhyUKUxfKic&amp;list=PLbUEVQ6Ibq7HVoRSVJFHqUDAg9dwoMh-h\" style=\"background-color:#e2441c\" target=\"_blank\" rel=\"noreferrer noopener\">Acessar pelo YouTube<\/a><\/div>\n<\/div>\n<\/div><\/div>\n\n\n\n<div class=\"wp-block-ultimate-post-column ultp-block-cc982a\"><div class=\"ultp-column-wrapper\">\n<div class=\"wp-block-buttons is-content-justification-center is-layout-flex wp-container-core-buttons-is-layout-16018d1d wp-block-buttons-is-layout-flex\">\n<div class=\"wp-block-button\"><a class=\"wp-block-button__link has-background wp-element-button\" href=\"https:\/\/open.spotify.com\/show\/1HKRCScyXFkPWDBouQH6BF?si=b18ed9becb244f70\" style=\"background-color:#e2441c\" target=\"_blank\" rel=\"noreferrer noopener\">Acessar pelo Spotify<\/a><\/div>\n<\/div>\n<\/div><\/div>\n<\/div><\/div><\/div>\n","protected":false},"excerpt":{"rendered":"<p>Adessare: Conectando voc\u00ea ao mundo das finan\u00e7as, neg\u00f3cios e economia A Adessare \u00e9 o seu guia completo para navegar pelo universo complexo e din\u00e2mico da economia, finan\u00e7as e neg\u00f3cios no Brasil. Atrav\u00e9s de v\u00eddeos informativos e descomplicados, ajudamos voc\u00ea a entender os principais acontecimentos e tend\u00eancias, tomar decis\u00f5es mais inteligentes e alcan\u00e7ar seus objetivos financeiros. &hellip; <\/p>\n<p class=\"link-more\"><a href=\"https:\/\/adessare.com\/site\/\" class=\"more-link\">Continue lendo<span class=\"screen-reader-text\"> &#8220;Inicial&#8221;<\/span><\/a><\/p>\n","protected":false},"author":1,"featured_media":0,"parent":0,"menu_order":0,"comment_status":"closed","ping_status":"closed","template":"","meta":{"footnotes":""},"class_list":["post-27","page","type-page","status-publish","hentry"],"yoast_head":"<!-- This site is optimized with the Yoast SEO plugin v24.1 - https:\/\/yoast.com\/wordpress\/plugins\/seo\/ -->\n<title>Adessare: seu guia definitivo em finan\u00e7as, neg\u00f3cios e economia<\/title>\n<meta name=\"description\" content=\"Adessare: Guia completo sobre finan\u00e7as, neg\u00f3cios e economia com an\u00e1lises claras e pr\u00e1ticas. Escute nossos podcasts!\" \/>\n<meta name=\"robots\" content=\"index, follow, max-snippet:-1, max-image-preview:large, max-video-preview:-1\" \/>\n<link rel=\"canonical\" href=\"https:\/\/adessare.com\/site\/\" \/>\n<meta property=\"og:locale\" content=\"pt_BR\" \/>\n<meta property=\"og:type\" content=\"article\" \/>\n<meta property=\"og:title\" content=\"Adessare\" \/>\n<meta property=\"og:description\" content=\"Podcasts sobre finan\u00e7as, empreendedorismo, marketing e gest\u00e3o.\" \/>\n<meta property=\"og:url\" content=\"https:\/\/adessare.com\/site\/\" \/>\n<meta property=\"og:site_name\" content=\"Adessare\" \/>\n<meta property=\"article:modified_time\" content=\"2025-01-27T01:42:01+00:00\" \/>\n<meta property=\"og:image\" content=\"https:\/\/adessare.com\/site\/wp-content\/uploads\/2024\/12\/cropped-Adessare-Banner-01.jpg\" \/>\n\t<meta property=\"og:image:width\" content=\"2000\" \/>\n\t<meta property=\"og:image:height\" content=\"1199\" \/>\n\t<meta property=\"og:image:type\" content=\"image\/jpeg\" \/>\n<meta name=\"twitter:card\" content=\"summary_large_image\" \/>\n<script type=\"application\/ld+json\" class=\"yoast-schema-graph\">{\"@context\":\"https:\/\/schema.org\",\"@graph\":[{\"@type\":\"WebPage\",\"@id\":\"https:\/\/adessare.com\/site\/\",\"url\":\"https:\/\/adessare.com\/site\/\",\"name\":\"Adessare: seu guia definitivo em finan\u00e7as, neg\u00f3cios e economia\",\"isPartOf\":{\"@id\":\"https:\/\/adessare.com\/site\/#website\"},\"primaryImageOfPage\":{\"@id\":\"https:\/\/adessare.com\/site\/#primaryimage\"},\"image\":{\"@id\":\"https:\/\/adessare.com\/site\/#primaryimage\"},\"thumbnailUrl\":\"http:\/\/adessare.com\/site\/wp-content\/uploads\/2024\/12\/paid_50dp_72A1A6_FILL0_wght400_GRAD0_opsz48-e1735412512510.png\",\"datePublished\":\"2024-12-26T16:45:35+00:00\",\"dateModified\":\"2025-01-27T01:42:01+00:00\",\"description\":\"Adessare: Guia completo sobre finan\u00e7as, neg\u00f3cios e economia com an\u00e1lises claras e pr\u00e1ticas. Escute nossos podcasts!\",\"breadcrumb\":{\"@id\":\"https:\/\/adessare.com\/site\/#breadcrumb\"},\"inLanguage\":\"pt-BR\",\"potentialAction\":[{\"@type\":\"ReadAction\",\"target\":[\"https:\/\/adessare.com\/site\/\"]}]},{\"@type\":\"ImageObject\",\"inLanguage\":\"pt-BR\",\"@id\":\"https:\/\/adessare.com\/site\/#primaryimage\",\"url\":\"https:\/\/adessare.com\/site\/wp-content\/uploads\/2024\/12\/paid_50dp_72A1A6_FILL0_wght400_GRAD0_opsz48-e1735412512510.png\",\"contentUrl\":\"https:\/\/adessare.com\/site\/wp-content\/uploads\/2024\/12\/paid_50dp_72A1A6_FILL0_wght400_GRAD0_opsz48-e1735412512510.png\",\"width\":100,\"height\":100,\"caption\":\"Economia Brasileira\"},{\"@type\":\"BreadcrumbList\",\"@id\":\"https:\/\/adessare.com\/site\/#breadcrumb\",\"itemListElement\":[{\"@type\":\"ListItem\",\"position\":1,\"name\":\"In\u00edcio\",\"item\":\"https:\/\/adessare.com\/site\/\"},{\"@type\":\"ListItem\",\"position\":2,\"name\":\"Inicial\"}]},{\"@type\":\"WebSite\",\"@id\":\"https:\/\/adessare.com\/site\/#website\",\"url\":\"https:\/\/adessare.com\/site\/\",\"name\":\"Adessare\",\"description\":\"Site com podcasts sobre empreendedorismo, marketing, finan\u00e7as e economia.\",\"publisher\":{\"@id\":\"https:\/\/adessare.com\/site\/#organization\"},\"alternateName\":\"Podcasts do Adessare\",\"potentialAction\":[{\"@type\":\"SearchAction\",\"target\":{\"@type\":\"EntryPoint\",\"urlTemplate\":\"https:\/\/adessare.com\/site\/?s={search_term_string}\"},\"query-input\":{\"@type\":\"PropertyValueSpecification\",\"valueRequired\":true,\"valueName\":\"search_term_string\"}}],\"inLanguage\":\"pt-BR\"},{\"@type\":\"Organization\",\"@id\":\"https:\/\/adessare.com\/site\/#organization\",\"name\":\"Adessare\",\"url\":\"https:\/\/adessare.com\/site\/\",\"logo\":{\"@type\":\"ImageObject\",\"inLanguage\":\"pt-BR\",\"@id\":\"https:\/\/adessare.com\/site\/#\/schema\/logo\/image\/\",\"url\":\"https:\/\/adessare.com\/site\/wp-content\/uploads\/2024\/12\/Adessare-marca.png\",\"contentUrl\":\"https:\/\/adessare.com\/site\/wp-content\/uploads\/2024\/12\/Adessare-marca.png\",\"width\":2251,\"height\":2250,\"caption\":\"Adessare\"},\"image\":{\"@id\":\"https:\/\/adessare.com\/site\/#\/schema\/logo\/image\/\"},\"sameAs\":[\"https:\/\/www.youtube.com\/watch?v=QhyUKUxfKic&list=PLbUEVQ6Ibq7HVoRSVJFHqUDAg9dwoMh-h\",\"https:\/\/open.spotify.com\/show\/1HKRCScyXFkPWDBouQH6BF?si=b18ed9becb244f70&nd=1&dlsi=88ac2940c8ba419e\",\"https:\/\/www.instagram.com\/adessaremedia\"]}]}<\/script>\n<!-- \/ Yoast SEO plugin. -->","yoast_head_json":{"title":"Adessare: seu guia definitivo em finan\u00e7as, neg\u00f3cios e economia","description":"Adessare: Guia completo sobre finan\u00e7as, neg\u00f3cios e economia com an\u00e1lises claras e pr\u00e1ticas. Escute nossos podcasts!","robots":{"index":"index","follow":"follow","max-snippet":"max-snippet:-1","max-image-preview":"max-image-preview:large","max-video-preview":"max-video-preview:-1"},"canonical":"https:\/\/adessare.com\/site\/","og_locale":"pt_BR","og_type":"article","og_title":"Adessare","og_description":"Podcasts sobre finan\u00e7as, empreendedorismo, marketing e gest\u00e3o.","og_url":"https:\/\/adessare.com\/site\/","og_site_name":"Adessare","article_modified_time":"2025-01-27T01:42:01+00:00","og_image":[{"width":2000,"height":1199,"url":"https:\/\/adessare.com\/site\/wp-content\/uploads\/2024\/12\/cropped-Adessare-Banner-01.jpg","type":"image\/jpeg"}],"twitter_card":"summary_large_image","schema":{"@context":"https:\/\/schema.org","@graph":[{"@type":"WebPage","@id":"https:\/\/adessare.com\/site\/","url":"https:\/\/adessare.com\/site\/","name":"Adessare: seu guia definitivo em finan\u00e7as, neg\u00f3cios e economia","isPartOf":{"@id":"https:\/\/adessare.com\/site\/#website"},"primaryImageOfPage":{"@id":"https:\/\/adessare.com\/site\/#primaryimage"},"image":{"@id":"https:\/\/adessare.com\/site\/#primaryimage"},"thumbnailUrl":"http:\/\/adessare.com\/site\/wp-content\/uploads\/2024\/12\/paid_50dp_72A1A6_FILL0_wght400_GRAD0_opsz48-e1735412512510.png","datePublished":"2024-12-26T16:45:35+00:00","dateModified":"2025-01-27T01:42:01+00:00","description":"Adessare: Guia completo sobre finan\u00e7as, neg\u00f3cios e economia com an\u00e1lises claras e pr\u00e1ticas. Escute nossos podcasts!","breadcrumb":{"@id":"https:\/\/adessare.com\/site\/#breadcrumb"},"inLanguage":"pt-BR","potentialAction":[{"@type":"ReadAction","target":["https:\/\/adessare.com\/site\/"]}]},{"@type":"ImageObject","inLanguage":"pt-BR","@id":"https:\/\/adessare.com\/site\/#primaryimage","url":"https:\/\/adessare.com\/site\/wp-content\/uploads\/2024\/12\/paid_50dp_72A1A6_FILL0_wght400_GRAD0_opsz48-e1735412512510.png","contentUrl":"https:\/\/adessare.com\/site\/wp-content\/uploads\/2024\/12\/paid_50dp_72A1A6_FILL0_wght400_GRAD0_opsz48-e1735412512510.png","width":100,"height":100,"caption":"Economia Brasileira"},{"@type":"BreadcrumbList","@id":"https:\/\/adessare.com\/site\/#breadcrumb","itemListElement":[{"@type":"ListItem","position":1,"name":"In\u00edcio","item":"https:\/\/adessare.com\/site\/"},{"@type":"ListItem","position":2,"name":"Inicial"}]},{"@type":"WebSite","@id":"https:\/\/adessare.com\/site\/#website","url":"https:\/\/adessare.com\/site\/","name":"Adessare","description":"Site com podcasts sobre empreendedorismo, marketing, finan\u00e7as e economia.","publisher":{"@id":"https:\/\/adessare.com\/site\/#organization"},"alternateName":"Podcasts do Adessare","potentialAction":[{"@type":"SearchAction","target":{"@type":"EntryPoint","urlTemplate":"https:\/\/adessare.com\/site\/?s={search_term_string}"},"query-input":{"@type":"PropertyValueSpecification","valueRequired":true,"valueName":"search_term_string"}}],"inLanguage":"pt-BR"},{"@type":"Organization","@id":"https:\/\/adessare.com\/site\/#organization","name":"Adessare","url":"https:\/\/adessare.com\/site\/","logo":{"@type":"ImageObject","inLanguage":"pt-BR","@id":"https:\/\/adessare.com\/site\/#\/schema\/logo\/image\/","url":"https:\/\/adessare.com\/site\/wp-content\/uploads\/2024\/12\/Adessare-marca.png","contentUrl":"https:\/\/adessare.com\/site\/wp-content\/uploads\/2024\/12\/Adessare-marca.png","width":2251,"height":2250,"caption":"Adessare"},"image":{"@id":"https:\/\/adessare.com\/site\/#\/schema\/logo\/image\/"},"sameAs":["https:\/\/www.youtube.com\/watch?v=QhyUKUxfKic&list=PLbUEVQ6Ibq7HVoRSVJFHqUDAg9dwoMh-h","https:\/\/open.spotify.com\/show\/1HKRCScyXFkPWDBouQH6BF?si=b18ed9becb244f70&nd=1&dlsi=88ac2940c8ba419e","https:\/\/www.instagram.com\/adessaremedia"]}]}},"_links":{"self":[{"href":"https:\/\/adessare.com\/site\/wp-json\/wp\/v2\/pages\/27","targetHints":{"allow":["GET"]}}],"collection":[{"href":"https:\/\/adessare.com\/site\/wp-json\/wp\/v2\/pages"}],"about":[{"href":"https:\/\/adessare.com\/site\/wp-json\/wp\/v2\/types\/page"}],"author":[{"embeddable":true,"href":"https:\/\/adessare.com\/site\/wp-json\/wp\/v2\/users\/1"}],"replies":[{"embeddable":true,"href":"https:\/\/adessare.com\/site\/wp-json\/wp\/v2\/comments?post=27"}],"version-history":[{"count":85,"href":"https:\/\/adessare.com\/site\/wp-json\/wp\/v2\/pages\/27\/revisions"}],"predecessor-version":[{"id":1102,"href":"https:\/\/adessare.com\/site\/wp-json\/wp\/v2\/pages\/27\/revisions\/1102"}],"wp:attachment":[{"href":"https:\/\/adessare.com\/site\/wp-json\/wp\/v2\/media?parent=27"}],"curies":[{"name":"wp","href":"https:\/\/api.w.org\/{rel}","templated":true}]}}